{"id":3909,"date":"2024-07-15T14:53:41","date_gmt":"2024-07-15T12:53:41","guid":{"rendered":"https:\/\/open-data.site\/site\/?page_id=3909"},"modified":"2024-07-22T11:42:30","modified_gmt":"2024-07-22T09:42:30","slug":"annexe1","status":"publish","type":"page","link":"https:\/\/open-data.site\/site\/annexe1\/","title":{"rendered":"Annexe1"},"content":{"rendered":"\t\t<div data-elementor-type=\"wp-page\" data-elementor-id=\"3909\" class=\"elementor elementor-3909\">\n\t\t\t\t<div class=\"elementor-element elementor-element-be1458b e-flex e-con-boxed wpr-particle-no wpr-jarallax-no wpr-parallax-no wpr-sticky-section-no e-con e-parent\" data-id=\"be1458b\" data-element_type=\"container\" data-settings=\"{&quot;background_background&quot;:&quot;classic&quot;}\">\n\t\t\t\t\t<div class=\"e-con-inner\">\n\t\t<div class=\"elementor-element elementor-element-647db5f e-con-full e-flex wpr-particle-no wpr-jarallax-no wpr-parallax-no wpr-sticky-section-no e-con e-child\" data-id=\"647db5f\" data-element_type=\"container\">\n\t\t\t\t<div class=\"elementor-element elementor-element-73c092c elementor-widget elementor-widget-image\" data-id=\"73c092c\" data-element_type=\"widget\" data-widget_type=\"image.default\">\n\t\t\t\t<div class=\"elementor-widget-container\">\n\t\t\t<style>\/*! elementor - v3.21.0 - 22-05-2024 *\/\n.elementor-widget-image{text-align:center}.elementor-widget-image a{display:inline-block}.elementor-widget-image a img[src$=\".svg\"]{width:48px}.elementor-widget-image img{vertical-align:middle;display:inline-block}<\/style>\t\t\t\t\t\t\t\t\t\t<img fetchpriority=\"high\" decoding=\"async\" width=\"432\" height=\"154\" src=\"https:\/\/open-data.site\/site\/wp-content\/uploads\/2024\/07\/itie.jpeg\" class=\"attachment-large size-large wp-image-822\" alt=\"\" \/>\t\t\t\t\t\t\t\t\t\t\t\t\t<\/div>\n\t\t\t\t<\/div>\n\t\t\t\t<\/div>\n\t\t<div class=\"elementor-element elementor-element-e7376ce e-con-full e-flex wpr-particle-no wpr-jarallax-no wpr-parallax-no wpr-sticky-section-no e-con e-child\" data-id=\"e7376ce\" data-element_type=\"container\">\n\t\t\t\t<div class=\"elementor-element elementor-element-1f1f8e0 elementor-widget elementor-widget-spacer\" data-id=\"1f1f8e0\" data-element_type=\"widget\" data-widget_type=\"spacer.default\">\n\t\t\t\t<div class=\"elementor-widget-container\">\n\t\t\t<style>\/*! elementor - v3.21.0 - 22-05-2024 *\/\n.elementor-column .elementor-spacer-inner{height:var(--spacer-size)}.e-con{--container-widget-width:100%}.e-con-inner>.elementor-widget-spacer,.e-con>.elementor-widget-spacer{width:var(--container-widget-width,var(--spacer-size));--align-self:var(--container-widget-align-self,initial);--flex-shrink:0}.e-con-inner>.elementor-widget-spacer>.elementor-widget-container,.e-con>.elementor-widget-spacer>.elementor-widget-container{height:100%;width:100%}.e-con-inner>.elementor-widget-spacer>.elementor-widget-container>.elementor-spacer,.e-con>.elementor-widget-spacer>.elementor-widget-container>.elementor-spacer{height:100%}.e-con-inner>.elementor-widget-spacer>.elementor-widget-container>.elementor-spacer>.elementor-spacer-inner,.e-con>.elementor-widget-spacer>.elementor-widget-container>.elementor-spacer>.elementor-spacer-inner{height:var(--container-widget-height,var(--spacer-size))}.e-con-inner>.elementor-widget-spacer.elementor-widget-empty,.e-con>.elementor-widget-spacer.elementor-widget-empty{position:relative;min-height:22px;min-width:22px}.e-con-inner>.elementor-widget-spacer.elementor-widget-empty .elementor-widget-empty-icon,.e-con>.elementor-widget-spacer.elementor-widget-empty .elementor-widget-empty-icon{position:absolute;top:0;bottom:0;left:0;right:0;margin:auto;padding:0;width:22px;height:22px}<\/style>\t\t<div class=\"elementor-spacer\">\n\t\t\t<div class=\"elementor-spacer-inner\"><\/div>\n\t\t<\/div>\n\t\t\t\t<\/div>\n\t\t\t\t<\/div>\n\t\t\t\t<div class=\"elementor-element elementor-element-8e7d846 elementor-widget elementor-widget-heading\" data-id=\"8e7d846\" data-element_type=\"widget\" data-widget_type=\"heading.default\">\n\t\t\t\t<div class=\"elementor-widget-container\">\n\t\t\t<style>\/*! elementor - v3.21.0 - 22-05-2024 *\/\n.elementor-heading-title{padding:0;margin:0;line-height:1}.elementor-widget-heading .elementor-heading-title[class*=elementor-size-]>a{color:inherit;font-size:inherit;line-height:inherit}.elementor-widget-heading .elementor-heading-title.elementor-size-small{font-size:15px}.elementor-widget-heading .elementor-heading-title.elementor-size-medium{font-size:19px}.elementor-widget-heading .elementor-heading-title.elementor-size-large{font-size:29px}.elementor-widget-heading .elementor-heading-title.elementor-size-xl{font-size:39px}.elementor-widget-heading .elementor-heading-title.elementor-size-xxl{font-size:59px}<\/style><h2 class=\"elementor-heading-title elementor-size-default\">ITIE Gabon 2022<\/h2>\t\t<\/div>\n\t\t\t\t<\/div>\n\t\t\t\t<\/div>\n\t\t<div class=\"elementor-element elementor-element-2bbe00e e-con-full e-flex wpr-particle-no wpr-jarallax-no wpr-parallax-no wpr-sticky-section-no e-con e-child\" data-id=\"2bbe00e\" data-element_type=\"container\">\n\t\t\t\t<div class=\"elementor-element elementor-element-45bdbee elementor-widget elementor-widget-image\" data-id=\"45bdbee\" data-element_type=\"widget\" data-widget_type=\"image.default\">\n\t\t\t\t<div class=\"elementor-widget-container\">\n\t\t\t\t\t\t\t\t\t\t\t\t\t<img decoding=\"async\" width=\"363\" height=\"75\" src=\"https:\/\/open-data.site\/site\/wp-content\/uploads\/2024\/07\/moore.jpg\" class=\"attachment-large size-large wp-image-823\" alt=\"\" \/>\t\t\t\t\t\t\t\t\t\t\t\t\t<\/div>\n\t\t\t\t<\/div>\n\t\t\t\t<\/div>\n\t\t\t\t\t<\/div>\n\t\t\t\t<\/div>\n\t\t<div class=\"elementor-element elementor-element-4ca6ab0 e-con-full e-flex wpr-particle-no wpr-jarallax-no wpr-parallax-no wpr-sticky-section-no e-con e-parent\" data-id=\"4ca6ab0\" data-element_type=\"container\">\n\t\t\t\t<div class=\"elementor-element elementor-element-b1edbe7 elementor-widget elementor-widget-html\" data-id=\"b1edbe7\" data-element_type=\"widget\" data-widget_type=\"html.default\">\n\t\t\t\t<div class=\"elementor-widget-container\">\n\t\t\t\n<i class=\"fas fa-arrow-left\"><\/i> <a href=\"https:\/\/open-data.site\/site\">Accueil<\/a>\t\t<\/div>\n\t\t\t\t<\/div>\n\t\t\t\t<\/div>\n\t\t\t\t<section class=\"elementor-section elementor-top-section elementor-element elementor-element-30dc7b100 elementor-section-boxed elementor-section-height-default elementor-section-height-default wpr-particle-no wpr-jarallax-no wpr-parallax-no wpr-sticky-section-no\" data-id=\"30dc7b100\" data-element_type=\"section\" data-settings=\"{&quot;background_background&quot;:&quot;classic&quot;}\">\n\t\t\t\t\t\t<div class=\"elementor-container elementor-column-gap-default\">\n\t\t\t\t\t<div class=\"elementor-column elementor-col-100 elementor-top-column elementor-element elementor-element-62355e5b\" data-id=\"62355e5b\" data-element_type=\"column\">\n\t\t\t<div class=\"elementor-widget-wrap elementor-element-populated\">\n\t\t\t\t\t\t<div class=\"elementor-element elementor-element-4336fee1 wpr-tabs-responsive-yes wpr-tabs-position-left elementor-widget-mobile__width-inherit elementor-hidden-widescreen elementor-hidden-desktop elementor-hidden-laptop elementor-hidden-tablet_extra elementor-hidden-tablet elementor-hidden-mobile_extra elementor-hidden-mobile wpr-tabs-icon-position-left elementor-widget elementor-widget-wpr-tabs\" data-id=\"4336fee1\" data-element_type=\"widget\" data-settings=\"{&quot;tab_transition_duration&quot;:0.1}\" data-widget_type=\"wpr-tabs.default\">\n\t\t\t\t<div class=\"elementor-widget-container\">\n\t\t\t\t\t\n\t\t<div class=\"wpr-tabs\" data-options=\"{&quot;activeTab&quot;:1,&quot;trigger&quot;:&quot;click&quot;,&quot;autoplay&quot;:&quot;&quot;,&quot;autoplaySpeed&quot;:0}\">\n\t\t\t\n\t\t\t<div class=\"wpr-tabs-wrap\">\n\t\t\t\t\n\t\t\t\t<div id=\"wpr-tab-1121\" class=\"wpr-tab elementor-repeater-item-d0eb03c\" data-tab=\"1\">\n\t\t\t\t\t\n\t\t\t\t\t\t\t\t\t\t<div class=\"wpr-tab-title\">Identification<\/div>\n\t\t\t\t\t\n\t\t\t\t\t\t\t\t\t\t<div class=\"wpr-tab-icon\">\n\t\t\t\t\t\t<i class=\"fas fa-clipboard-check\"><\/i>\n\t\t\t\t\t<\/div>\n\t\t\t\t\t\t\t\t\t\n\t\t\t\t<\/div>\n\n\t\t\t\t\n\t\t\t\t<div id=\"wpr-tab-1122\" class=\"wpr-tab elementor-repeater-item-ebe2f63\" data-tab=\"2\">\n\t\t\t\t\t\n\t\t\t\t\t\t\t\t\t\t<div class=\"wpr-tab-title\">Tab 1<\/div>\n\t\t\t\t\t\n\t\t\t\t\t\t\t\t\t\n\t\t\t\t<\/div>\n\n\t\t\t\t\n\t\t\t\t<div id=\"wpr-tab-1123\" class=\"wpr-tab elementor-repeater-item-2c29f11\" data-tab=\"3\">\n\t\t\t\t\t\n\t\t\t\t\t\t\t\t\t\t<div class=\"wpr-tab-title\">Tab 1<\/div>\n\t\t\t\t\t\n\t\t\t\t\t\t\t\t\t\n\t\t\t\t<\/div>\n\n\t\t\t\t\t\t\t<\/div>\n\n\t\t\t<div class=\"wpr-tabs-content-wrap\">\n\t\t\t\t\n\t\t\t\t<div id=\"wpr-tab-content-1121\" class=\"wpr-tab-content elementor-repeater-item-d0eb03c\" data-tab=\"1\">\n\t\t\t\t\t<div class=\"wpr-tab-content-inner elementor-clearfix wpr-anim-size-large wpr-overlay-fade-in\"><table width=\"1320\"><tbody><tr><td width=\"286\">Soci\u00e9t\u00e9<\/td><td width=\"116\">Date de cr\u00e9ation<\/td><td width=\"106\">Lieu de cr\u00e9ation<\/td><td width=\"125\">Identifiant Fiscal\u00a0<\/td><td width=\"122\">CAPITAL<\/td><td width=\"122\">Activit\u00e9 principale<\/td><td width=\"125\">Activit\u00e9 secondaire<\/td><td width=\"318\">Adresse de contact\u00a0<\/td><\/tr><tr><td width=\"286\">PERENCO OIL &amp; GAS GABON<\/td><td width=\"116\">40544<\/td><td width=\"106\">LIBREVILLE<\/td><td width=\"125\">774 715 A<\/td><td width=\"122\">10 046 500 000<\/td><td width=\"122\">EXPLORATION ET PRODUCTION D'HYDROCARBURES PETROLE BRUT<\/td><td width=\"125\">EXPLORATION ET PRODUCTION D'HYDROCARBURES GAZ N\/aTUREL<\/td><td width=\"318\">PORT-GENTIL<\/td><\/tr><\/tbody><\/table><\/div>\t\t\t\t<\/div>\n\n\t\t\t\t\n\t\t\t\t<div id=\"wpr-tab-content-1122\" class=\"wpr-tab-content elementor-repeater-item-ebe2f63\" data-tab=\"2\">\n\t\t\t\t\t<div class=\"wpr-tab-content-inner elementor-clearfix wpr-anim-size-large wpr-overlay-fade-in\">Lorem ipsum dolor sit amet, consectetur adipisicing elit. Minima incidunt voluptates nemo, dolor optio quia architecto quis delectus perspiciatis. Nobis atque id hic neque possimus voluptatum voluptatibus tenetur, perspiciatis consequuntur.<\/div>\t\t\t\t<\/div>\n\n\t\t\t\t\n\t\t\t\t<div id=\"wpr-tab-content-1123\" class=\"wpr-tab-content elementor-repeater-item-2c29f11\" data-tab=\"3\">\n\t\t\t\t\t<div class=\"wpr-tab-content-inner elementor-clearfix wpr-anim-size-large wpr-overlay-fade-in\">Lorem ipsum dolor sit amet, consectetur adipisicing elit. Minima incidunt voluptates nemo, dolor optio quia architecto quis delectus perspiciatis. Nobis atque id hic neque possimus voluptatum voluptatibus tenetur, perspiciatis consequuntur.<\/div>\t\t\t\t<\/div>\n\n\t\t\t\t\t\t\t<\/div>\n\n\t\t<\/div>\n\n\t\t\t\t<\/div>\n\t\t\t\t<\/div>\n\t\t\t\t<div class=\"elementor-element elementor-element-13bbabc elementor-widget-tablet_extra__width-initial elementor-widget elementor-widget-html\" data-id=\"13bbabc\" data-element_type=\"widget\" data-widget_type=\"html.default\">\n\t\t\t\t<div class=\"elementor-widget-container\">\n\t\t\t<head>\r\n   \r\n<script>\r\n    function ajusterContenuTd() {\r\n        const tds = document.querySelectorAll('td');\r\n        tds.forEach(td => {\r\n            let contenu = td.textContent.trim();\r\n\r\n            \/\/ V\u00e9rifier si le contenu est un nombre entre parenth\u00e8ses avec \u00e9ventuellement des espaces\r\n            const isParenthesizedNumber = \/^\\(\\s*-?\\d+(\\s*\\d)*(\\.\\d+)?\\s*\\)$\/.test(contenu);\r\n\r\n            \/\/ Essayer de convertir en nombre\r\n            const parsedNumber = parseFloat(contenu.replace(\/\\s\/g, '')); \/\/ Retirer les espaces pour la conversion\r\n\r\n            if (!isNaN(parsedNumber)) {\r\n                \/\/ Si c'est un nombre entre parenth\u00e8ses, aligner \u00e0 droite\r\n                td.style.textAlign = 'right';\r\n            }else if (isParenthesizedNumber) {\r\n                \/\/ Si c'est un nombre entre parenth\u00e8ses, aligner \u00e0 droite\r\n                td.style.textAlign = 'right';\r\n            }else {\r\n                \/\/ Sinon, aligner \u00e0 gauche\r\n                td.style.textAlign = 'left';\r\n            }\r\n        });\r\n    }\r\n\r\n    document.addEventListener('DOMContentLoaded', ajusterContenuTd);\r\n<\/script>\r\n  <script src=\"https:\/\/open-data.site\/site\/wp-content\/uploads\/2024\/07\/table2excel.js\"><\/script>\r\n\r\n\r\n\r\n\r\n\r\n\r\n<\/head>\r\n<body >\r\n \r\n<div class=\"elementor-container elementor-column-gap-default\">\r\n\t\t\t\t\t<div class=\"elementor-column elementor-col-100 elementor-top-column elementor-element elementor-element-62355e5b\" data-id=\"62355e5b\" data-element_type=\"column\">\r\n<div class=\"elementor-element elementor-element-4336fee1 wpr-tabs-responsive-yes wpr-tabs-position-left elementor-widget-mobile__width-inherit wpr-tabs-icon-position-left elementor-widget elementor-widget-wpr-tabs\" data-id=\"4336fee1\" data-element_type=\"widget\" data-settings=\"{&quot;tab_transition_duration&quot;:0.1}\" data-widget_type=\"wpr-tabs.default\">\r\n\t\t\t\t<div class=\"elementor-widget-container\">\r\n\t\t\t\t\r\n\t\t<div class=\"wpr-tabs\" data-options=\"{&quot;activeTab&quot;:1,&quot;trigger&quot;:&quot;click&quot;,&quot;autoplay&quot;:&quot;&quot;,&quot;autoplaySpeed&quot;:0}\"  >\r\n\t\t\t\t\r\n\t\t\t<div class=\"wpr-tabs-wrap\">\r\n\t\t\t\t\r\n\t\t\t\t<div id=\"wpr-tab-1121\" class=\"wpr-tab elementor-repeater-item-d0eb03c wpr-tab-active\" data-tab=\"1\">\r\n\t\t\t\t\t\r\n\t\t\t\t\t\t\t\t\t\t<div class=\"wpr-tab-title\">Profil des soci\u00e9t\u00e9s extractives ayant soumis un formulaire de d\u00e9claration <\/div>\r\n\t\t\t\t\t\r\n\t\t\t\t\t\t\t\t\t\t<div class=\"wpr-tab-icon\">\r\n\t\t\t\t\t\t\r\n\t\t\t\t\t<\/div>\r\n\t\t\t\t\t\t\t\t\t\r\n\t\t\t\t<\/div>\r\n\r\n\t\t\t\t\r\n\t\t\t\t\r\n\t\t\t\t\r\n\t\t\t\t<\/div>\r\n\t\t\t\t\t\t\t\r\n\r\n\t\t\t<div class=\"wpr-tabs-content-wrap\">\r\n\t\t\t\t\r\n\t\t\t\t<div id=\"wpr-tab-content-1121\" class=\"wpr-tab-content elementor-repeater-item-d0eb03c wpr-tab-content-active wpr-animation-enter\" data-tab=\"1\">\r\n\t\t\t\t\t<div class=\"wpr-tab-content-inner elementor-clearfix wpr-anim-size-large wpr-overlay-fade-in\">\r\n\t\t <i class=\"fa fa-download\" title=\"T\u00e9lecharger le tableau\" id=\"down\"><\/i>\r\n\r\n<table id=\"table\" data-name=\"Profil des soci\u00e9t\u00e9s extractives ayant soumis un formulaire de d\u00e9claration\">\r\n<tbody>\r\n<tr>\r\n<th width=\"117\">Soci\u00e9t\u00e9<\/th>\r\n<th width=\"117\">Date de cr\u00e9ation<\/th>\r\n<th width=\"117\">Lieu de cr\u00e9ation<\/th>\r\n<th width=\"117\">Identifiant Fiscal <\/th>\r\n<th width=\"117\">CAPITAL<\/th>\r\n<th width=\"117\">Activit\u00e9 principale<\/th>\r\n<th width=\"117\">Activit\u00e9 secondaire<\/th>\r\n<th width=\"62\">Adresse de contact <\/th>\r\n<\/tr>\r\n<tr>\r\n<td width=\"117\"><div style=\"width:250px\">Soci\u00e9t\u00e9 Nationale des Hydrocarbures du Gabon<\/div><\/td>\r\n<td width=\"117\"><div style=\"width:150px\">24\/08\/2011<\/div><\/td>\r\n<td width=\"117\"><div style=\"width:150px\">Nc<\/div><\/td>\r\n<td width=\"117\"><div style=\"width:150px\">730280E<\/div><\/td>\r\n<td width=\"117\"><div style=\"width:150px\">561 970 151 424 FCFA<\/div><\/td>\r\n<td width=\"117\"><div style=\"width:150px\">Extraction hydrocarbures<\/div><\/td>\r\n<td width=\"117\"><div style=\"width:150px\">Nc<\/div><\/td>\r\n<td width=\"62\"><div style=\"width:150px\">\"1586\" avenue Paul Moukambi BP: 635 Libreville Gabon<\/div><\/td>\r\n<\/tr>\r\n<tr>\r\n<td width=\"117\">PERENCO OIL &amp; GAS GABON<\/td>\r\n<td width=\"117\">01\/01\/2011<\/td>\r\n<td width=\"117\">Libreville<\/td>\r\n<td width=\"117\">774 715 A<\/td>\r\n<td width=\"117\">10 046 500 000 FCFA<\/td>\r\n<td width=\"117\">EXPLORATION ET PRODUCTION D'HYDROCARBURES<\/td>\r\n<td width=\"117\">na<\/td>\r\n<td width=\"62\">PORT-GENTIL<\/td>\r\n<\/tr>\r\n<tr>\r\n<td width=\"117\">MAUREL &amp; PROM<\/td>\r\n<td width=\"117\">27\/06\/1905<\/td>\r\n<td width=\"117\">Nc<\/td>\r\n<td width=\"117\">783618A<\/td>\r\n<td width=\"117\">Nc<\/td>\r\n<td width=\"117\">Recherche et exploitations des hydrocarbures<\/td>\r\n<td width=\"117\">Nc<\/td>\r\n<td width=\"62\">Zone portuaire OPRAG BP 2862-Gentil<\/td>\r\n<\/tr>\r\n<tr>\r\n<td width=\"117\">TotalEnergie EP GABON<\/td>\r\n<td width=\"117\">Nc<\/td>\r\n<td width=\"117\">Nc<\/td>\r\n<td width=\"117\">Nc<\/td>\r\n<td width=\"117\">Nc<\/td>\r\n<td width=\"117\">Nc<\/td>\r\n<td width=\"117\">Nc<\/td>\r\n<td width=\"62\">Nc<\/td>\r\n<\/tr>\r\n<tr>\r\n<td width=\"117\">ASSALA GABON ENERGY<\/td>\r\n<td width=\"117\">Nc<\/td>\r\n<td width=\"117\">Gabon<\/td>\r\n<td width=\"117\">Nc<\/td>\r\n<td width=\"117\">2 8620 000 USD<\/td>\r\n<td width=\"117\">Nc<\/td>\r\n<td width=\"117\">Nc<\/td>\r\n<td width=\"62\">Immeuble DSR Rue Roger Buttin BP: 146 Port-Gentil<\/td>\r\n<\/tr>\r\n<tr>\r\n<td width=\"117\">TULLOW OIL GABON<\/td>\r\n<td width=\"117\">Nc<\/td>\r\n<td width=\"117\">Nc<\/td>\r\n<td width=\"117\">Nc<\/td>\r\n<td width=\"117\">Nc<\/td>\r\n<td width=\"117\">Nc<\/td>\r\n<td width=\"117\">Nc<\/td>\r\n<td width=\"62\">Nc<\/td>\r\n<\/tr>\r\n<tr>\r\n<td width=\"117\">VAALCO GABON SA<\/td>\r\n<td width=\"117\">12\/08\/2014<\/td>\r\n<td width=\"117\">Port Gentil<\/td>\r\n<td width=\"117\">737161 k<\/td>\r\n<td width=\"117\">22 627 110 000 FCFA<\/td>\r\n<td width=\"117\">Exploration, forage et developpement de la production des gisements d'hydrocarbures.<\/td>\r\n<td width=\"117\">na<\/td>\r\n<td width=\"62\">BP 1335 Tel 01-55-33-24<\/td>\r\n<\/tr>\r\n<tr>\r\n<td width=\"117\">ADDAX PETROLEUM OIL &amp; GAS GABON INC<\/td>\r\n<td width=\"117\">Nc<\/td>\r\n<td width=\"117\">Gabon<\/td>\r\n<td width=\"117\">799 010H<\/td>\r\n<td width=\"117\">55 000 000 FCFA<\/td>\r\n<td width=\"117\">P\u00e9trole (Oil)<\/td>\r\n<td width=\"117\">Location de pipeline, vente de gaz\u2026<\/td>\r\n<td width=\"62\">PORT-GENTIL<\/td>\r\n<\/tr>\r\n<tr>\r\n<td width=\"117\">ASSALA UPSTREAM<\/td>\r\n<td width=\"117\">Nc<\/td>\r\n<td width=\"117\">Gabon<\/td>\r\n<td width=\"117\">Nc<\/td>\r\n<td width=\"117\">43 462 277 USD<\/td>\r\n<td width=\"117\">Nc<\/td>\r\n<td width=\"117\">Nc<\/td>\r\n<td width=\"62\">Nc<\/td>\r\n<\/tr>\r\n<tr>\r\n<td width=\"117\">BW Energy Gabon SA<\/td>\r\n<td width=\"117\">02\/02\/2018<\/td>\r\n<td width=\"117\">Libreville Gabon<\/td>\r\n<td width=\"117\">Nc<\/td>\r\n<td width=\"117\">10 000 000 FCFA<\/td>\r\n<td width=\"117\">Nc<\/td>\r\n<td width=\"117\">Nc<\/td>\r\n<td width=\"62\">Nc<\/td>\r\n<\/tr>\r\n<tr>\r\n<td width=\"117\">ORANJE NASSAU<\/td>\r\n<td width=\"117\">Nc<\/td>\r\n<td width=\"117\">Gabon<\/td>\r\n<td width=\"117\">Nc<\/td>\r\n<td width=\"117\">378 750 000 FCFA<\/td>\r\n<td width=\"117\">Nc<\/td>\r\n<td width=\"117\">Nc<\/td>\r\n<td width=\"62\">\"705\" Boulevard de Mer Immeuble DUMEZ B.P. 2326 LIBREVILLE<\/td>\r\n<\/tr>\r\n<tr>\r\n<td width=\"117\">STREAM OIL LIMITED<\/td>\r\n<td width=\"117\">Nc<\/td>\r\n<td width=\"117\">REPUBLIQUE DES SEYCHELLES<\/td>\r\n<td width=\"117\">Nc<\/td>\r\n<td width=\"117\">203\u00a0476 FCFA<\/td>\r\n<td width=\"117\">Nc<\/td>\r\n<td width=\"117\">Nc<\/td>\r\n<td width=\"62\">Nc<\/td>\r\n<\/tr>\r\n<tr>\r\n<td width=\"117\">SINO GABON SA<\/td>\r\n<td width=\"117\">Nc<\/td>\r\n<td width=\"117\">PORT-GENTIL<\/td>\r\n<td width=\"117\">202 001 001 329 U<\/td>\r\n<td width=\"117\">10 000 000 FCFA<\/td>\r\n<td width=\"117\">Vente p\u00e9trole<\/td>\r\n<td width=\"117\">Nc<\/td>\r\n<td width=\"62\">\"452\" PORT-GENTIL \/ GABON<\/td>\r\n<\/tr>\r\n<tr>\r\n<td width=\"117\">COMPAGNIE MINIERE DE L'OGOOUE<\/td>\r\n<td width=\"117\">25\/09\/1953<\/td>\r\n<td width=\"117\">Franceville<\/td>\r\n<td width=\"117\">790240V<\/td>\r\n<td width=\"117\">40 811 592 500 FCFA<\/td>\r\n<td width=\"117\">Extraction de mangan\u00e8se brut<\/td>\r\n<td width=\"117\">Usine de m\u00e9tallurgie Mangan\u00e8se (MnO et SiMn)<\/td>\r\n<td width=\"62\">BP27\/28 Moanda Gabon<\/td>\r\n<\/tr>\r\n<tr>\r\n<td width=\"117\">NOUVELLE GABON MINING SA<\/td>\r\n<td width=\"117\">Nc<\/td>\r\n<td width=\"117\">Nc<\/td>\r\n<td width=\"117\">Nc<\/td>\r\n<td width=\"117\">Nc<\/td>\r\n<td width=\"117\">Nc<\/td>\r\n<td width=\"117\">Nc<\/td>\r\n<td width=\"62\">Nc<\/td>\r\n<\/tr>\r\n<tr>\r\n<td width=\"117\">ALPHA CENTAURI MINING SA<\/td>\r\n<td width=\"117\">Nc<\/td>\r\n<td width=\"117\">Nc<\/td>\r\n<td width=\"117\">Nc<\/td>\r\n<td width=\"117\">Nc<\/td>\r\n<td width=\"117\">Nc<\/td>\r\n<td width=\"117\">Nc<\/td>\r\n<td width=\"62\">Nc<\/td>\r\n<\/tr>\r\n<tr>\r\n<td width=\"117\">CICMHZ<\/td>\r\n<td width=\"117\">Nc<\/td>\r\n<td width=\"117\">Nc<\/td>\r\n<td width=\"117\">Nc<\/td>\r\n<td width=\"117\">Nc<\/td>\r\n<td width=\"117\">Nc<\/td>\r\n<td width=\"117\">Nc<\/td>\r\n<td width=\"62\">Nc<\/td>\r\n<\/tr>\r\n<tr>\r\n<td width=\"117\">SOCIETE EQUATORIALE DES MINES<\/td>\r\n<td width=\"117\">24\/08\/2011<\/td>\r\n<td width=\"117\">Libreville<\/td>\r\n<td width=\"117\">779575 R<\/td>\r\n<td width=\"117\">1 000 000 000 FCFA<\/td>\r\n<td width=\"117\">Nc<\/td>\r\n<td width=\"117\">Nc<\/td>\r\n<td width=\"62\">Boulevard du bord de mer ancien gouvernorat 23801 Libreville<\/td>\r\n<\/tr>\r\n<\/tbody>\r\n<\/table><\/div>\r\n\t\t\t\t\t<\/div>\t\t\t\t<\/div>\r\n\t\t\r\n\t\t\t\t\t<\/div>\r\n\t\t\t\t\t<\/div>\t<\/div>\r\n\t\t\t\t\t<\/div>\r\n\t<\/div><script>\r\ndocument.getElementById(\"down\").addEventListener('click', function(){\r\n\r\n  var table2excel = new Table2Excel();\r\n  table2excel.export(document.querySelectorAll(\"table\"));\r\n\t});\r\n\r\n\r\n<\/script>\r\n\r\n<\/body>\t\t<\/div>\n\t\t\t\t<\/div>\n\t\t\t\t\t<\/div>\n\t\t<\/div>\n\t\t\t\t\t<\/div>\n\t\t<\/section>\n\t\t\t\t<\/div>\n\t\t","protected":false},"excerpt":{"rendered":"<p>ITIE Gabon 2022 Accueil Identification Tab 1 Tab 1 Soci\u00e9t\u00e9 Date de cr\u00e9ation Lieu de cr\u00e9ation Identifiant Fiscal\u00a0 CAPITAL Activit\u00e9 [&hellip;]<\/p>\n","protected":false},"author":1,"featured_media":0,"parent":0,"menu_order":0,"comment_status":"closed","ping_status":"closed","template":"elementor_canvas","meta":{"site-sidebar-layout":"no-sidebar","site-content-layout":"","ast-site-content-layout":"full-width-container","site-content-style":"default","site-sidebar-style":"default","ast-global-header-display":"","ast-banner-title-visibility":"","ast-main-header-display":"","ast-hfb-above-header-display":"","ast-hfb-below-header-display":"","ast-hfb-mobile-header-display":"","site-post-title":"disabled","ast-breadcrumbs-content":"","ast-featured-img":"disabled","footer-sml-layout":"","theme-transparent-header-meta":"","adv-header-id-meta":"","stick-header-meta":"","header-above-stick-meta":"","header-main-stick-meta":"","header-below-stick-meta":"","astra-migrate-meta-layouts":"default","ast-page-background-enabled":"default","ast-page-background-meta":{"desktop":{"background-color":"var(--ast-global-color-4)","background-image":"","background-repeat":"repeat","background-position":"center center","background-size":"auto","background-attachment":"scroll","background-type":"","background-media":"","overlay-type":"","overlay-color":"","overlay-opacity":"","overlay-gradient":""},"tablet":{"background-color":"","background-image":"","background-repeat":"repeat","background-position":"center center","background-size":"auto","background-attachment":"scroll","background-type":"","background-media":"","overlay-type":"","overlay-color":"","overlay-opacity":"","overlay-gradient":""},"mobile":{"background-color":"","background-image":"","background-repeat":"repeat","background-position":"center center","background-size":"auto","background-attachment":"scroll","background-type":"","background-media":"","overlay-type":"","overlay-color":"","overlay-opacity":"","overlay-gradient":""}},"ast-content-background-meta":{"desktop":{"background-color":"var(--ast-global-color-5)","background-image":"","background-repeat":"repeat","background-position":"center center","background-size":"auto","background-attachment":"scroll","background-type":"","background-media":"","overlay-type":"","overlay-color":"","overlay-opacity":"","overlay-gradient":""},"tablet":{"background-color":"var(--ast-global-color-5)","background-image":"","background-repeat":"repeat","background-position":"center center","background-size":"auto","background-attachment":"scroll","background-type":"","background-media":"","overlay-type":"","overlay-color":"","overlay-opacity":"","overlay-gradient":""},"mobile":{"background-color":"var(--ast-global-color-5)","background-image":"","background-repeat":"repeat","background-position":"center center","background-size":"auto","background-attachment":"scroll","background-type":"","background-media":"","overlay-type":"","overlay-color":"","overlay-opacity":"","overlay-gradient":""}},"footnotes":""},"class_list":["post-3909","page","type-page","status-publish","hentry"],"_links":{"self":[{"href":"https:\/\/open-data.site\/site\/wp-json\/wp\/v2\/pages\/3909","targetHints":{"allow":["GET"]}}],"collection":[{"href":"https:\/\/open-data.site\/site\/wp-json\/wp\/v2\/pages"}],"about":[{"href":"https:\/\/open-data.site\/site\/wp-json\/wp\/v2\/types\/page"}],"author":[{"embeddable":true,"href":"https:\/\/open-data.site\/site\/wp-json\/wp\/v2\/users\/1"}],"replies":[{"embeddable":true,"href":"https:\/\/open-data.site\/site\/wp-json\/wp\/v2\/comments?post=3909"}],"version-history":[{"count":85,"href":"https:\/\/open-data.site\/site\/wp-json\/wp\/v2\/pages\/3909\/revisions"}],"predecessor-version":[{"id":5319,"href":"https:\/\/open-data.site\/site\/wp-json\/wp\/v2\/pages\/3909\/revisions\/5319"}],"wp:attachment":[{"href":"https:\/\/open-data.site\/site\/wp-json\/wp\/v2\/media?parent=3909"}],"curies":[{"name":"wp","href":"https:\/\/api.w.org\/{rel}","templated":true}]}}