{"id":3658,"date":"2024-07-15T00:15:18","date_gmt":"2024-07-14T22:15:18","guid":{"rendered":"https:\/\/open-data.site\/site\/?page_id=3658"},"modified":"2024-08-19T14:26:21","modified_gmt":"2024-08-19T12:26:21","slug":"4-3-dispositions","status":"publish","type":"page","link":"https:\/\/open-data.site\/site\/4-3-dispositions\/","title":{"rendered":"4.3 Dispositions relatives aux infrastructures et accords de troc"},"content":{"rendered":"\t\t<div data-elementor-type=\"wp-page\" data-elementor-id=\"3658\" class=\"elementor elementor-3658\">\n\t\t\t\t<div class=\"elementor-element elementor-element-be1458b e-flex e-con-boxed wpr-particle-no wpr-jarallax-no wpr-parallax-no wpr-sticky-section-no e-con e-parent\" data-id=\"be1458b\" data-element_type=\"container\" data-settings=\"{&quot;background_background&quot;:&quot;classic&quot;}\">\n\t\t\t\t\t<div class=\"e-con-inner\">\n\t\t<div class=\"elementor-element elementor-element-647db5f e-con-full e-flex wpr-particle-no wpr-jarallax-no wpr-parallax-no wpr-sticky-section-no e-con e-child\" data-id=\"647db5f\" data-element_type=\"container\">\n\t\t\t\t<div class=\"elementor-element elementor-element-73c092c elementor-widget elementor-widget-image\" data-id=\"73c092c\" data-element_type=\"widget\" data-widget_type=\"image.default\">\n\t\t\t\t<div class=\"elementor-widget-container\">\n\t\t\t<style>\/*! elementor - v3.21.0 - 22-05-2024 *\/\n.elementor-widget-image{text-align:center}.elementor-widget-image a{display:inline-block}.elementor-widget-image a img[src$=\".svg\"]{width:48px}.elementor-widget-image img{vertical-align:middle;display:inline-block}<\/style>\t\t\t\t\t\t\t\t\t\t<img fetchpriority=\"high\" decoding=\"async\" width=\"432\" height=\"154\" src=\"https:\/\/open-data.site\/site\/wp-content\/uploads\/2024\/07\/itie.jpeg\" class=\"attachment-large size-large wp-image-822\" alt=\"\" \/>\t\t\t\t\t\t\t\t\t\t\t\t\t<\/div>\n\t\t\t\t<\/div>\n\t\t\t\t<\/div>\n\t\t<div class=\"elementor-element elementor-element-e7376ce e-con-full e-flex wpr-particle-no wpr-jarallax-no wpr-parallax-no wpr-sticky-section-no e-con e-child\" data-id=\"e7376ce\" data-element_type=\"container\">\n\t\t\t\t<div class=\"elementor-element elementor-element-69cf01c elementor-widget elementor-widget-spacer\" data-id=\"69cf01c\" data-element_type=\"widget\" data-widget_type=\"spacer.default\">\n\t\t\t\t<div class=\"elementor-widget-container\">\n\t\t\t<style>\/*! elementor - v3.21.0 - 22-05-2024 *\/\n.elementor-column .elementor-spacer-inner{height:var(--spacer-size)}.e-con{--container-widget-width:100%}.e-con-inner>.elementor-widget-spacer,.e-con>.elementor-widget-spacer{width:var(--container-widget-width,var(--spacer-size));--align-self:var(--container-widget-align-self,initial);--flex-shrink:0}.e-con-inner>.elementor-widget-spacer>.elementor-widget-container,.e-con>.elementor-widget-spacer>.elementor-widget-container{height:100%;width:100%}.e-con-inner>.elementor-widget-spacer>.elementor-widget-container>.elementor-spacer,.e-con>.elementor-widget-spacer>.elementor-widget-container>.elementor-spacer{height:100%}.e-con-inner>.elementor-widget-spacer>.elementor-widget-container>.elementor-spacer>.elementor-spacer-inner,.e-con>.elementor-widget-spacer>.elementor-widget-container>.elementor-spacer>.elementor-spacer-inner{height:var(--container-widget-height,var(--spacer-size))}.e-con-inner>.elementor-widget-spacer.elementor-widget-empty,.e-con>.elementor-widget-spacer.elementor-widget-empty{position:relative;min-height:22px;min-width:22px}.e-con-inner>.elementor-widget-spacer.elementor-widget-empty .elementor-widget-empty-icon,.e-con>.elementor-widget-spacer.elementor-widget-empty .elementor-widget-empty-icon{position:absolute;top:0;bottom:0;left:0;right:0;margin:auto;padding:0;width:22px;height:22px}<\/style>\t\t<div class=\"elementor-spacer\">\n\t\t\t<div class=\"elementor-spacer-inner\"><\/div>\n\t\t<\/div>\n\t\t\t\t<\/div>\n\t\t\t\t<\/div>\n\t\t\t\t<div class=\"elementor-element elementor-element-e3acf0f elementor-widget elementor-widget-heading\" data-id=\"e3acf0f\" data-element_type=\"widget\" data-widget_type=\"heading.default\">\n\t\t\t\t<div class=\"elementor-widget-container\">\n\t\t\t<style>\/*! elementor - v3.21.0 - 22-05-2024 *\/\n.elementor-heading-title{padding:0;margin:0;line-height:1}.elementor-widget-heading .elementor-heading-title[class*=elementor-size-]>a{color:inherit;font-size:inherit;line-height:inherit}.elementor-widget-heading .elementor-heading-title.elementor-size-small{font-size:15px}.elementor-widget-heading .elementor-heading-title.elementor-size-medium{font-size:19px}.elementor-widget-heading .elementor-heading-title.elementor-size-large{font-size:29px}.elementor-widget-heading .elementor-heading-title.elementor-size-xl{font-size:39px}.elementor-widget-heading .elementor-heading-title.elementor-size-xxl{font-size:59px}<\/style><h2 class=\"elementor-heading-title elementor-size-default\">ITIE Gabon 2022<\/h2>\t\t<\/div>\n\t\t\t\t<\/div>\n\t\t\t\t<\/div>\n\t\t<div class=\"elementor-element elementor-element-2bbe00e e-con-full e-flex wpr-particle-no wpr-jarallax-no wpr-parallax-no wpr-sticky-section-no e-con e-child\" data-id=\"2bbe00e\" data-element_type=\"container\">\n\t\t\t\t<div class=\"elementor-element elementor-element-45bdbee elementor-widget elementor-widget-image\" data-id=\"45bdbee\" data-element_type=\"widget\" data-widget_type=\"image.default\">\n\t\t\t\t<div class=\"elementor-widget-container\">\n\t\t\t\t\t\t\t\t\t\t\t\t\t<img decoding=\"async\" width=\"363\" height=\"75\" src=\"https:\/\/open-data.site\/site\/wp-content\/uploads\/2024\/07\/moore.jpg\" class=\"attachment-large size-large wp-image-823\" alt=\"\" \/>\t\t\t\t\t\t\t\t\t\t\t\t\t<\/div>\n\t\t\t\t<\/div>\n\t\t\t\t<\/div>\n\t\t\t\t\t<\/div>\n\t\t\t\t<\/div>\n\t\t<div class=\"elementor-element elementor-element-fdb8557 e-con-full e-flex wpr-particle-no wpr-jarallax-no wpr-parallax-no wpr-sticky-section-no e-con e-parent\" data-id=\"fdb8557\" data-element_type=\"container\">\n\t\t\t\t<div class=\"elementor-element elementor-element-7539cb6 elementor-widget elementor-widget-html\" data-id=\"7539cb6\" data-element_type=\"widget\" data-widget_type=\"html.default\">\n\t\t\t\t<div class=\"elementor-widget-container\">\n\t\t\t\n<i class=\"fas fa-arrow-left\"><\/i> <a href=\"https:\/\/open-data.site\/site\">Accueil<\/a>\t\t<\/div>\n\t\t\t\t<\/div>\n\t\t\t\t<div class=\"elementor-element elementor-element-c535401 elementor-widget elementor-widget-heading\" data-id=\"c535401\" data-element_type=\"widget\" data-widget_type=\"heading.default\">\n\t\t\t\t<div class=\"elementor-widget-container\">\n\t\t\t<h2 class=\"elementor-heading-title elementor-size-default\">Dispositions relatives aux infrastructures et accords de troc<\/h2>\t\t<\/div>\n\t\t\t\t<\/div>\n\t\t\t\t<\/div>\n\t\t\t\t<section class=\"elementor-section elementor-top-section elementor-element elementor-element-30dc7b100 elementor-section-boxed elementor-section-height-default elementor-section-height-default wpr-particle-no wpr-jarallax-no wpr-parallax-no wpr-sticky-section-no\" data-id=\"30dc7b100\" data-element_type=\"section\">\n\t\t\t\t\t\t<div class=\"elementor-container elementor-column-gap-default\">\n\t\t\t\t\t<div class=\"elementor-column elementor-col-100 elementor-top-column elementor-element elementor-element-62355e5b\" data-id=\"62355e5b\" data-element_type=\"column\">\n\t\t\t<div class=\"elementor-widget-wrap elementor-element-populated\">\n\t\t\t\t\t\t<div class=\"elementor-element elementor-element-4336fee1 wpr-tabs-responsive-yes wpr-tabs-position-left elementor-widget-mobile__width-inherit elementor-hidden-widescreen elementor-hidden-desktop elementor-hidden-laptop elementor-hidden-tablet_extra elementor-hidden-tablet elementor-hidden-mobile_extra elementor-hidden-mobile wpr-tabs-icon-position-left elementor-widget elementor-widget-wpr-tabs\" data-id=\"4336fee1\" data-element_type=\"widget\" data-settings=\"{&quot;tab_transition_duration&quot;:0.1}\" data-widget_type=\"wpr-tabs.default\">\n\t\t\t\t<div class=\"elementor-widget-container\">\n\t\t\t\t\t\n\t\t<div class=\"wpr-tabs\" data-options=\"{&quot;activeTab&quot;:1,&quot;trigger&quot;:&quot;click&quot;,&quot;autoplay&quot;:&quot;&quot;,&quot;autoplaySpeed&quot;:0}\">\n\t\t\t\n\t\t\t<div class=\"wpr-tabs-wrap\">\n\t\t\t\t\n\t\t\t\t<div id=\"wpr-tab-1121\" class=\"wpr-tab elementor-repeater-item-d0eb03c\" data-tab=\"1\">\n\t\t\t\t\t\n\t\t\t\t\t\t\t\t\t\t<div class=\"wpr-tab-title\">Identification<\/div>\n\t\t\t\t\t\n\t\t\t\t\t\t\t\t\t\t<div class=\"wpr-tab-icon\">\n\t\t\t\t\t\t<i class=\"fas fa-clipboard-check\"><\/i>\n\t\t\t\t\t<\/div>\n\t\t\t\t\t\t\t\t\t\n\t\t\t\t<\/div>\n\n\t\t\t\t\n\t\t\t\t<div id=\"wpr-tab-1122\" class=\"wpr-tab elementor-repeater-item-e16d3eb\" data-tab=\"2\">\n\t\t\t\t\t\n\t\t\t\t\t\t\t\t\t\t<div class=\"wpr-tab-title\">Identification<\/div>\n\t\t\t\t\t\n\t\t\t\t\t\t\t\t\t\t<div class=\"wpr-tab-icon\">\n\t\t\t\t\t\t<i class=\"fas fa-clipboard-check\"><\/i>\n\t\t\t\t\t<\/div>\n\t\t\t\t\t\t\t\t\t\n\t\t\t\t<\/div>\n\n\t\t\t\t\n\t\t\t\t<div id=\"wpr-tab-1123\" class=\"wpr-tab elementor-repeater-item-ebe2f63\" data-tab=\"3\">\n\t\t\t\t\t\n\t\t\t\t\t\t\t\t\t\t<div class=\"wpr-tab-title\">Tab 1<\/div>\n\t\t\t\t\t\n\t\t\t\t\t\t\t\t\t\n\t\t\t\t<\/div>\n\n\t\t\t\t\t\t\t<\/div>\n\n\t\t\t<div class=\"wpr-tabs-content-wrap\">\n\t\t\t\t\n\t\t\t\t<div id=\"wpr-tab-content-1121\" class=\"wpr-tab-content elementor-repeater-item-d0eb03c\" data-tab=\"1\">\n\t\t\t\t\t<div class=\"wpr-tab-content-inner elementor-clearfix wpr-anim-size-large wpr-overlay-fade-in\"><table width=\"1320\"><tbody><tr><td width=\"286\">Soci\u00e9t\u00e9<\/td><td width=\"116\">Date de cr\u00e9ation<\/td><td width=\"106\">Lieu de cr\u00e9ation<\/td><td width=\"125\">Identifiant Fiscal\u00a0<\/td><td width=\"122\">CAPITAL<\/td><td width=\"122\">Activit\u00e9 principale<\/td><td width=\"125\">Activit\u00e9 secondaire<\/td><td width=\"318\">Adresse de contact\u00a0<\/td><\/tr><tr><td width=\"286\">PERENCO OIL &amp; GAS GABON<\/td><td width=\"116\">40544<\/td><td width=\"106\">LIBREVILLE<\/td><td width=\"125\">774 715 A<\/td><td width=\"122\">10 046 500 000<\/td><td width=\"122\">EXPLORATION ET PRODUCTION D'HYDROCARBURES PETROLE BRUT<\/td><td width=\"125\">EXPLORATION ET PRODUCTION D'HYDROCARBURES GAZ N\/aTUREL<\/td><td width=\"318\">PORT-GENTIL<\/td><\/tr><\/tbody><\/table><\/div>\t\t\t\t<\/div>\n\n\t\t\t\t\n\t\t\t\t<div id=\"wpr-tab-content-1122\" class=\"wpr-tab-content elementor-repeater-item-e16d3eb\" data-tab=\"2\">\n\t\t\t\t\t<div class=\"wpr-tab-content-inner elementor-clearfix wpr-anim-size-large wpr-overlay-fade-in\"><table width=\"1320\"><tbody><tr><td width=\"286\">Soci\u00e9t\u00e9<\/td><td width=\"116\">Date de cr\u00e9ation<\/td><td width=\"106\">Lieu de cr\u00e9ation<\/td><td width=\"125\">Identifiant Fiscal\u00a0<\/td><td width=\"122\">CAPITAL<\/td><td width=\"122\">Activit\u00e9 principale<\/td><td width=\"125\">Activit\u00e9 secondaire<\/td><td width=\"318\">Adresse de contact\u00a0<\/td><\/tr><tr><td width=\"286\">PERENCO OIL &amp; GAS GABON<\/td><td width=\"116\">40544<\/td><td width=\"106\">LIBREVILLE<\/td><td width=\"125\">774 715 A<\/td><td width=\"122\">10 046 500 000<\/td><td width=\"122\">EXPLORATION ET PRODUCTION D'HYDROCARBURES PETROLE BRUT<\/td><td width=\"125\">EXPLORATION ET PRODUCTION D'HYDROCARBURES GAZ N\/aTUREL<\/td><td width=\"318\">PORT-GENTIL<\/td><\/tr><\/tbody><\/table><\/div>\t\t\t\t<\/div>\n\n\t\t\t\t\n\t\t\t\t<div id=\"wpr-tab-content-1123\" class=\"wpr-tab-content elementor-repeater-item-ebe2f63\" data-tab=\"3\">\n\t\t\t\t\t<div class=\"wpr-tab-content-inner elementor-clearfix wpr-anim-size-large wpr-overlay-fade-in\">Lorem ipsum dolor sit amet, consectetur adipisicing elit. Minima incidunt voluptates nemo, dolor optio quia architecto quis delectus perspiciatis. Nobis atque id hic neque possimus voluptatum voluptatibus tenetur, perspiciatis consequuntur.<\/div>\t\t\t\t<\/div>\n\n\t\t\t\t\n\t\t\t\t<div id=\"wpr-tab-content-1124\" class=\"wpr-tab-content elementor-repeater-item-2c29f11\" data-tab=\"4\">\n\t\t\t\t\t<div class=\"wpr-tab-content-inner elementor-clearfix wpr-anim-size-large wpr-overlay-fade-in\">Lorem ipsum dolor sit amet, consectetur adipisicing elit. Minima incidunt voluptates nemo, dolor optio quia architecto quis delectus perspiciatis. Nobis atque id hic neque possimus voluptatum voluptatibus tenetur, perspiciatis consequuntur.<\/div>\t\t\t\t<\/div>\n\n\t\t\t\t\t\t\t<\/div>\n\n\t\t<\/div>\n\n\t\t\t\t<\/div>\n\t\t\t\t<\/div>\n\t\t\t\t<div class=\"elementor-element elementor-element-170ff118 wpr-tabs-hr-position-pro-ct elementor-hidden-widescreen elementor-hidden-desktop elementor-hidden-laptop elementor-hidden-tablet_extra elementor-hidden-tablet elementor-hidden-mobile_extra elementor-hidden-mobile wpr-tabs-position-above wpr-tabs-icon-position-left elementor-widget elementor-widget-wpr-tabs\" data-id=\"170ff118\" data-element_type=\"widget\" data-settings=\"{&quot;tab_transition_duration&quot;:0.1}\" data-widget_type=\"wpr-tabs.default\">\n\t\t\t\t<div class=\"elementor-widget-container\">\n\t\t\t\t\t\n\t\t<div class=\"wpr-tabs\" data-options=\"{&quot;activeTab&quot;:1,&quot;trigger&quot;:&quot;click&quot;,&quot;autoplay&quot;:&quot;&quot;,&quot;autoplaySpeed&quot;:0}\">\n\t\t\t\n\t\t\t<div class=\"wpr-tabs-wrap\">\n\t\t\t\t\n\t\t\t\t<div id=\"wpr-tab-3861\" class=\"wpr-tab elementor-repeater-item-d0eb03c\" data-tab=\"1\">\n\t\t\t\t\t\n\t\t\t\t\t\t\t\t\t\t<div class=\"wpr-tab-title\">Features<\/div>\n\t\t\t\t\t\n\t\t\t\t\t\t\t\t\t\n\t\t\t\t<\/div>\n\n\t\t\t\t\n\t\t\t\t<div id=\"wpr-tab-3862\" class=\"wpr-tab elementor-repeater-item-681e992\" data-tab=\"2\">\n\t\t\t\t\t\n\t\t\t\t\t\t\t\t\t\t<div class=\"wpr-tab-title\">Services<\/div>\n\t\t\t\t\t\n\t\t\t\t\t\t\t\t\t\n\t\t\t\t<\/div>\n\n\t\t\t\t\t\t\t<\/div>\n\n\t\t\t<div class=\"wpr-tabs-content-wrap\">\n\t\t\t\t\n\t\t\t\t<div id=\"wpr-tab-content-3861\" class=\"wpr-tab-content elementor-repeater-item-d0eb03c\" data-tab=\"1\">\n\t\t\t\t\t<div class=\"wpr-tab-content-inner elementor-clearfix wpr-anim-size-large wpr-overlay-fade-in\"><p>Repulsive questions contented him few extensive supported. Of remarkably thoroughly he appearance in. Supposing tolerably applauded or of be. Suffering unfeeling so objection agreeable allowance me of. Ask within entire season\u00a0 common far who family. As be valley warmth assure on. Park girl they rich hour new well way you. Face ye be me been room we sons fond. It if sometimes furnished unwilling as additions so. Blessing resolved peculiar fat graceful ham. Sussex on at really ladies in as elinor. Sir sex opinions age properly extended. Advice branch vanity or do thirty living.<\/p><\/div>\t\t\t\t<\/div>\n\n\t\t\t\t\n\t\t\t\t<div id=\"wpr-tab-content-3862\" class=\"wpr-tab-content elementor-repeater-item-681e992\" data-tab=\"2\">\n\t\t\t\t\t<div class=\"wpr-tab-content-inner elementor-clearfix wpr-anim-size-large wpr-overlay-fade-in\"><p>He an thing rapid these after going drawn or. Timed she his law the spoil round defer. In surprise concerns informed betrayed he learning is ye. Ignorant formerly so ye blessing. He as spoke avoid given downs money on we. Of properly carriage shutters ye as wandered up repeated moreover. Inquietude attachment if ye an solicitude to. Remaining so continued concealed as knowledge happiness. Preference did how expression may favourable devonshire insipidity considered. An length design regret an hardly barton mr figure.In surprise concerns informed betrayed he learning is ye.<\/p><\/div>\t\t\t\t<\/div>\n\n\t\t\t\t\t\t\t<\/div>\n\n\t\t<\/div>\n\n\t\t\t\t<\/div>\n\t\t\t\t<\/div>\n\t\t\t\t<div class=\"elementor-element elementor-element-13bbabc elementor-widget-tablet_extra__width-initial elementor-widget elementor-widget-html\" data-id=\"13bbabc\" data-element_type=\"widget\" data-widget_type=\"html.default\">\n\t\t\t\t<div class=\"elementor-widget-container\">\n\t\t\t<head>\r\n   \r\n<script>\r\n    function ajusterContenuTd() {\r\n        const tds = document.querySelectorAll('td');\r\n        tds.forEach(td => {\r\n            let contenu = td.textContent.trim();\r\n\r\n            \/\/ V\u00e9rifier si le contenu est un nombre entre parenth\u00e8ses avec \u00e9ventuellement des espaces\r\n            const isParenthesizedNumber = \/^\\(\\s*-?\\d+(\\s*\\d)*(\\.\\d+)?\\s*\\)$\/.test(contenu);\r\n\r\n            \/\/ Essayer de convertir en nombre\r\n            const parsedNumber = parseFloat(contenu.replace(\/\\s\/g, '')); \/\/ Retirer les espaces pour la conversion\r\n\r\n            if (!isNaN(parsedNumber)) {\r\n                \/\/ Si c'est un nombre entre parenth\u00e8ses, aligner \u00e0 droite\r\n                td.style.textAlign = 'right';\r\n            }else if (isParenthesizedNumber) {\r\n                \/\/ Si c'est un nombre entre parenth\u00e8ses, aligner \u00e0 droite\r\n                td.style.textAlign = 'right';\r\n            }else {\r\n                \/\/ Sinon, aligner \u00e0 gauche\r\n                td.style.textAlign = 'left';\r\n            }\r\n        });\r\n    }\r\n\r\n    document.addEventListener('DOMContentLoaded', ajusterContenuTd);\r\n<\/script>\r\n\r\n\r\n\r\n\r\n\r\n\r\n<\/head>\r\n<body >\r\n \r\n<div class=\"elementor-container elementor-column-gap-default\" >\r\n\t\t\t\t\t<div class=\"elementor-column elementor-col-100 elementor-top-column elementor-element elementor-element-62355e5b\" data-id=\"62355e5b\" data-element_type=\"column\">\r\n<div class=\"elementor-element elementor-element-4336fee1 wpr-tabs-responsive-yes wpr-tabs-position-left elementor-widget-mobile__width-inherit wpr-tabs-icon-position-left elementor-widget elementor-widget-wpr-tabs\" data-id=\"4336fee1\" data-element_type=\"widget\" data-settings=\"{&quot;tab_transition_duration&quot;:0.1}\" data-widget_type=\"wpr-tabs.default\">\r\n\t\t\t\t<div class=\"elementor-widget-container\">\r\n\t\t\t\t\t\r\n\t\t<div class=\"wpr-tabs\" data-options=\"{&quot;activeTab&quot;:1,&quot;trigger&quot;:&quot;click&quot;,&quot;autoplay&quot;:&quot;&quot;,&quot;autoplaySpeed&quot;:0}\"  >\r\n\t\t\t\r\n\t\t\t<div class=\"wpr-tabs-wrap\">\r\n\t\t\t\t\r\n\t\t\t\t<div id=\"wpr-tab-1121\" class=\"wpr-tab elementor-repeater-item-d0eb03c wpr-tab-active\" data-tab=\"1\">\r\n\t\t\t\t\t\r\n\t\t\t\t\t\t\t\t\t\t<div class=\"wpr-tab-title\">Fournitures d\u2019infrastructures et accords de troc <\/div>\r\n\t\t\t\t\t\r\n\t\t\t\t\t\t\t\t\t\t<div class=\"wpr-tab-icon\">\r\n\t\t\t\t\t\t\r\n\t\t\t\t\t<\/div>\r\n\t\t\t\t\t\t\t\t\t\r\n\t\t\t\t<\/div>\r\n\r\n\t\t\r\n\t\t\t\t\r\n\t\t\t\t\t\t\t<\/div>\r\n\t\t\t\t\t\t\t\r\n\r\n\t\t\t<div class=\"wpr-tabs-content-wrap\">\r\n\t\t\t\t\r\n\t\t\t\t<div id=\"wpr-tab-content-1121\" class=\"wpr-tab-content elementor-repeater-item-d0eb03c wpr-tab-content-active wpr-animation-enter\" data-tab=\"1\">\r\n\t\t\t\t\t<div class=\"wpr-tab-content-inner elementor-clearfix wpr-anim-size-large wpr-overlay-fade-in\">\r\n\t\t\t\t\t    \r\n<section class=\"elementor-section elementor-top-section elementor-element elementor-element-60b37f090 elementor-section-boxed elementor-section-height-default elementor-section-height-default wpr-particle-no wpr-jarallax-no wpr-parallax-no wpr-sticky-section-no\" data-id=\"60b37f090\" data-element_type=\"section\">\r\n\t\t\t\t\t\t<div class=\"elementor-container elementor-column-gap-default\">\r\n\t\t\t\t\t<div class=\"elementor-column elementor-col-100 elementor-top-column elementor-element elementor-element-226bdfb7\" data-id=\"226bdfb7\" data-element_type=\"column\">\r\n\t\t\t<div class=\"elementor-widget-wrap elementor-element-populated\">\r\n\t\t\t\t\t\t<div class=\"elementor-element elementor-element-170ff118 wpr-tabs-position-above wpr-tabs-hr-position-justify wpr-tabs-icon-position-left elementor-widget elementor-widget-wpr-tabs\" data-id=\"170ff118\" data-element_type=\"widget\" data-settings=\"{&quot;tab_transition_duration&quot;:0.1}\" data-widget_type=\"wpr-tabs.default\">\r\n\t\t\t\t<div class=\"elementor-widget-container\">\r\n\t\t\t\t\t\r\n\t\t<div class=\"wpr-tabs\" data-options=\"{&quot;activeTab&quot;:1,&quot;trigger&quot;:&quot;click&quot;,&quot;autoplay&quot;:&quot;&quot;,&quot;autoplaySpeed&quot;:0}\">\r\n\t\t\t\r\n\t\t\t<div class=\"wpr-tabs-wrap\">\r\n\t\t\t\t\r\n\t\t\t\t<div id=\"wpr-tab-3861\" class=\"wpr-tab elementor-repeater-item-d0eb03c wpr-tab-active\" data-tab=\"1\">\r\n\t\t\t\t\t\r\n\t\t\t\t\t\t\t\t\t\t<div class=\"wpr-tab-title\">P\u00e9trolier<\/div>\r\n\t\t\t\t\t\r\n\t\t\t\t\t\t\t\t\t\r\n\t\t\t\t<\/div>\r\n\r\n\t\t\t\t\r\n\t\t\t\t<div id=\"wpr-tab-3862\" class=\"wpr-tab elementor-repeater-item-681e992\" data-tab=\"2\">\r\n\t\t\t\t\t\r\n\t\t\t\t\t\t\t\t\t\t<div class=\"wpr-tab-title\">Minier<\/div>\r\n\t\t\t\t\t\r\n\t\t\t\t\t\t\t\t\t\r\n\t\t\t\t<\/div>\r\n\r\n\t\t\t\t\t\t\t<\/div>\r\n\r\n\t\t\t<div class=\"wpr-tabs-content-wrap\">\r\n\t\t\t\t\r\n\t\t\t\t<div id=\"wpr-tab-content-3861\" class=\"wpr-tab-content elementor-repeater-item-d0eb03c wpr-tab-content-active wpr-animation-enter\" data-tab=\"1\">\r\n\t\t\t\t\t<div class=\"wpr-tab-content-inner elementor-clearfix wpr-anim-size-large wpr-overlay-fade-in\">\r\n<p>Lors de nos travaux, les entit\u00e9s d\u00e9clarantes n\u2019ont pas rapport\u00e9 des transactions li\u00e9es \u00e0 la fourniture de biens et de services (y compris des pr\u00eats, des subventions ou des travaux d\u2019infrastructures) en \u00e9change partiel ou total de concessions pour la prospection ou l\u2019exploitation de p\u00e9trole, de gaz ou de minerais, ou pour la livraison physique de telles mati\u00e8res premi\u00e8res.<br\/>\r\nCependant, l\u2019analyse de l\u2019existence de tel accords de troc ou conventions aff\u00e9rents \u00e0 la fourniture d\u2019infrastructures et accords n\u00e9cessite l\u2019acc\u00e8s aux contrats sign\u00e9s avec les soci\u00e9t\u00e9s p\u00e9troli\u00e8res.\r\n\r\n<\/p>\r\n\t\t\t\t<\/div>\t\t\t\t<\/div>\r\n\r\n\t\t\t\t\r\n\t\t\t\t<div id=\"wpr-tab-content-3862\" class=\"wpr-tab-content elementor-repeater-item-681e992\" data-tab=\"2\">\r\n\t\t\t\t\t<div class=\"wpr-tab-content-inner elementor-clearfix wpr-anim-size-large wpr-overlay-fade-in\">\r\n\t\t\t<p>\r\n\t\t\t    L\u2019Exigence 4.4 de la Norme ITIE 2019 pr\u00e9voit que le gouvernement et les entreprises d\u2019Etat sont invit\u00e9s \u00e0 les divulguent les revenus provenant du transport de min\u00e9raux lorsqu\u2019ils sont significatifs,<br\/>\r\nLors de nos travaux, aucune des entit\u00e9s d\u00e9clarantes n\u2019a rapport\u00e9 de transactions li\u00e9es aux fournitures d\u2019infrastructures et accords de troc. \r\n\r\n\r\n\t\t\t<\/p>\r\n<\/div>\r\n\t\t\t\t\t\r\n<\/div>\t\t\t\r\n\t\t<\/section>\r\n\t\t\t\t\t<\/div>\t\t\t\t<\/div>\r\n\r\n\t\t\t\t\r\n\r\n\t\t\t\t\t\t\t\r\n\t\t\t\t\t\t\t\r\n\t\t\t\t\t\t\t\r\n\t\t\t\t\t\t\t\r\n\t\t\t\t\t\t\t\r\n\t\t\t\t\t\t\t\r\n\r\n\t\t<\/div>\r\n\r\n\t\t\t\t<\/div>\r\n\t\t\t\t<\/div>\r\n\t\t\t\t\t<\/div>\r\n\t\r\n\t\t\t\t\t<\/div><\/div><\/body>\t\t<\/div>\n\t\t\t\t<\/div>\n\t\t\t\t\t<\/div>\n\t\t<\/div>\n\t\t\t\t\t<\/div>\n\t\t<\/section>\n\t\t\t\t<\/div>\n\t\t","protected":false},"excerpt":{"rendered":"<p>ITIE Gabon 2022 Accueil Dispositions relatives aux infrastructures et accords de troc Identification Identification Tab 1 Soci\u00e9t\u00e9 Date de cr\u00e9ation [&hellip;]<\/p>\n","protected":false},"author":1,"featured_media":0,"parent":0,"menu_order":0,"comment_status":"closed","ping_status":"closed","template":"elementor_canvas","meta":{"site-sidebar-layout":"no-sidebar","site-content-layout":"","ast-site-content-layout":"full-width-container","site-content-style":"default","site-sidebar-style":"default","ast-global-header-display":"","ast-banner-title-visibility":"","ast-main-header-display":"","ast-hfb-above-header-display":"","ast-hfb-below-header-display":"","ast-hfb-mobile-header-display":"","site-post-title":"disabled","ast-breadcrumbs-content":"","ast-featured-img":"disabled","footer-sml-layout":"","theme-transparent-header-meta":"","adv-header-id-meta":"","stick-header-meta":"","header-above-stick-meta":"","header-main-stick-meta":"","header-below-stick-meta":"","astra-migrate-meta-layouts":"default","ast-page-background-enabled":"default","ast-page-background-meta":{"desktop":{"background-color":"var(--ast-global-color-4)","background-image":"","background-repeat":"repeat","background-position":"center center","background-size":"auto","background-attachment":"scroll","background-type":"","background-media":"","overlay-type":"","overlay-color":"","overlay-opacity":"","overlay-gradient":""},"tablet":{"background-color":"","background-image":"","background-repeat":"repeat","background-position":"center center","background-size":"auto","background-attachment":"scroll","background-type":"","background-media":"","overlay-type":"","overlay-color":"","overlay-opacity":"","overlay-gradient":""},"mobile":{"background-color":"","background-image":"","background-repeat":"repeat","background-position":"center center","background-size":"auto","background-attachment":"scroll","background-type":"","background-media":"","overlay-type":"","overlay-color":"","overlay-opacity":"","overlay-gradient":""}},"ast-content-background-meta":{"desktop":{"background-color":"var(--ast-global-color-5)","background-image":"","background-repeat":"repeat","background-position":"center center","background-size":"auto","background-attachment":"scroll","background-type":"","background-media":"","overlay-type":"","overlay-color":"","overlay-opacity":"","overlay-gradient":""},"tablet":{"background-color":"var(--ast-global-color-5)","background-image":"","background-repeat":"repeat","background-position":"center center","background-size":"auto","background-attachment":"scroll","background-type":"","background-media":"","overlay-type":"","overlay-color":"","overlay-opacity":"","overlay-gradient":""},"mobile":{"background-color":"var(--ast-global-color-5)","background-image":"","background-repeat":"repeat","background-position":"center center","background-size":"auto","background-attachment":"scroll","background-type":"","background-media":"","overlay-type":"","overlay-color":"","overlay-opacity":"","overlay-gradient":""}},"footnotes":""},"class_list":["post-3658","page","type-page","status-publish","hentry"],"_links":{"self":[{"href":"https:\/\/open-data.site\/site\/wp-json\/wp\/v2\/pages\/3658","targetHints":{"allow":["GET"]}}],"collection":[{"href":"https:\/\/open-data.site\/site\/wp-json\/wp\/v2\/pages"}],"about":[{"href":"https:\/\/open-data.site\/site\/wp-json\/wp\/v2\/types\/page"}],"author":[{"embeddable":true,"href":"https:\/\/open-data.site\/site\/wp-json\/wp\/v2\/users\/1"}],"replies":[{"embeddable":true,"href":"https:\/\/open-data.site\/site\/wp-json\/wp\/v2\/comments?post=3658"}],"version-history":[{"count":16,"href":"https:\/\/open-data.site\/site\/wp-json\/wp\/v2\/pages\/3658\/revisions"}],"predecessor-version":[{"id":6414,"href":"https:\/\/open-data.site\/site\/wp-json\/wp\/v2\/pages\/3658\/revisions\/6414"}],"wp:attachment":[{"href":"https:\/\/open-data.site\/site\/wp-json\/wp\/v2\/media?parent=3658"}],"curies":[{"name":"wp","href":"https:\/\/api.w.org\/{rel}","templated":true}]}}